{"id":42,"date":"2025-10-07T14:35:27","date_gmt":"2025-10-07T14:35:27","guid":{"rendered":"https:\/\/red-eel-548115.hostingersite.com\/?page_id=42"},"modified":"2026-01-21T08:47:57","modified_gmt":"2026-01-21T08:47:57","slug":"adulte","status":"publish","type":"page","link":"https:\/\/clownsdanslasciure.com\/en\/nos-animations\/adulte\/","title":{"rendered":"Adult"},"content":{"rendered":"\t\t<div data-elementor-type=\"wp-page\" data-elementor-id=\"42\" class=\"elementor elementor-42\" data-elementor-settings=\"{&quot;scroll_snap&quot;:&quot;yes&quot;}\" data-elementor-post-type=\"page\">\n\t\t\t\t<div class=\"elementor-element elementor-element-1d2839e4 e-flex e-con-boxed e-con e-parent\" data-id=\"1d2839e4\" data-element_type=\"container\" data-e-type=\"container\">\n\t\t\t\t\t<div class=\"e-con-inner\">\n\t\t\t\t<div class=\"elementor-element elementor-element-1a01556 elementor-widget elementor-widget-html\" data-id=\"1a01556\" data-element_type=\"widget\" data-e-type=\"widget\" data-widget_type=\"html.default\">\n\t\t\t\t\t<div id=\"particle-container\">\n\t<div class=\"particle\"><\/div>\n\t<div class=\"particle\"><\/div>\n\t<div class=\"particle\"><\/div>\n\t<div class=\"particle\"><\/div>\n\t<div class=\"particle\"><\/div>\n\t<div class=\"particle\"><\/div>\n\t<div class=\"particle\"><\/div>\n\t<div class=\"particle\"><\/div>\n\t<div class=\"particle\"><\/div>\n\t<div class=\"particle\"><\/div>\n\t<div class=\"particle\"><\/div>\n\t<div class=\"particle\"><\/div>\n\t<div class=\"particle\"><\/div>\n\t<div class=\"particle\"><\/div>\n\t<div class=\"particle\"><\/div>\n\t<div class=\"particle\"><\/div>\n\t<div class=\"particle\"><\/div>\n\t<div class=\"particle\"><\/div>\n\t<div class=\"particle\"><\/div>\n\t<div class=\"particle\"><\/div>\n\t<div class=\"particle\"><\/div>\n\t<div class=\"particle\"><\/div>\n\t<div class=\"particle\"><\/div>\n\t<div class=\"particle\"><\/div>\n\t<div class=\"particle\"><\/div>\n\t<div class=\"particle\"><\/div>\n\t<div class=\"particle\"><\/div>\n\t<div class=\"particle\"><\/div>\n\t<div class=\"particle\"><\/div>\n\t<div class=\"particle\"><\/div>\n<\/div>\t\t\t\t<\/div>\n\t\t\t\t<div class=\"elementor-element elementor-element-158503b2 elementor-widget elementor-widget-heading\" data-id=\"158503b2\" data-element_type=\"widget\" data-e-type=\"widget\" data-widget_type=\"heading.default\">\n\t\t\t\t\t<h1 class=\"elementor-heading-title elementor-size-default\">Nos animations artistiques pour adultes<\/h1>\t\t\t\t<\/div>\n\t\t\t\t\t<\/div>\n\t\t\t\t<\/div>\n\t\t<div class=\"elementor-element elementor-element-ad3f779 e-flex e-con-boxed e-con e-parent\" data-id=\"ad3f779\" data-element_type=\"container\" data-e-type=\"container\">\n\t\t\t\t\t<div class=\"e-con-inner\">\n\t\t<div class=\"elementor-element elementor-element-56a78f7 e-con-full e-flex e-con e-child\" data-id=\"56a78f7\" data-element_type=\"container\" data-e-type=\"container\" data-settings=\"{&quot;background_background&quot;:&quot;classic&quot;}\">\n\t\t\t\t<div class=\"elementor-element elementor-element-a24fa1d elementor-widget elementor-widget-heading\" data-id=\"a24fa1d\" data-element_type=\"widget\" data-e-type=\"widget\" data-widget_type=\"heading.default\">\n\t\t\t\t\t<h2 class=\"elementor-heading-title elementor-size-default\">L\u2019exp\u00e9rience arrive bient\u00f4t\u2026<\/h2>\t\t\t\t<\/div>\n\t\t\t\t<div class=\"elementor-element elementor-element-2bbee61 elementor-widget elementor-widget-text-editor\" data-id=\"2bbee61\" data-element_type=\"widget\" data-e-type=\"widget\" data-widget_type=\"text-editor.default\">\n\t\t\t\t\t\t\t\t\t<p data-start=\"1055\" data-end=\"1210\">Les animations pour adultes sont actuellement en cours de pr\u00e9paration.<br data-start=\"1125\" data-end=\"1128\" \/>Nous travaillons \u00e0 vous proposer des formats puissants, \u00e9l\u00e9gants et marquants.<\/p><p data-start=\"1217\" data-end=\"1237\">Ouverture prochaine, excusez-nous pour la g\u00eane occasionn\u00e9<\/p>\t\t\t\t\t\t\t\t<\/div>\n\t\t\t\t<\/div>\n\t\t\t\t\t<\/div>\n\t\t\t\t<\/div>\n\t\t<div class=\"elementor-element elementor-element-2a64bf29 e-con-full elementor-hidden-desktop elementor-hidden-tablet elementor-hidden-mobile e-flex e-con e-parent\" data-id=\"2a64bf29\" data-element_type=\"container\" data-e-type=\"container\">\n\t\t\t\t<div class=\"elementor-element elementor-element-5f5afcac elementor-grid-4 elementor-grid-tablet-3 cdls-loop-anim elementor-grid-mobile-1 elementor-widget elementor-widget-loop-grid\" data-id=\"5f5afcac\" data-element_type=\"widget\" data-e-type=\"widget\" data-settings=\"{&quot;template_id&quot;:&quot;1990&quot;,&quot;columns&quot;:4,&quot;columns_tablet&quot;:3,&quot;row_gap&quot;:{&quot;unit&quot;:&quot;px&quot;,&quot;size&quot;:0,&quot;sizes&quot;:[]},&quot;_skin&quot;:&quot;post&quot;,&quot;columns_mobile&quot;:&quot;1&quot;,&quot;edit_handle_selector&quot;:&quot;[data-elementor-type=\\&quot;loop-item\\&quot;]&quot;,&quot;row_gap_tablet&quot;:{&quot;unit&quot;:&quot;px&quot;,&quot;size&quot;:&quot;&quot;,&quot;sizes&quot;:[]},&quot;row_gap_mobile&quot;:{&quot;unit&quot;:&quot;px&quot;,&quot;size&quot;:&quot;&quot;,&quot;sizes&quot;:[]}}\" data-widget_type=\"loop-grid.post\">\n\t\t\t\t\t\t\t<div class=\"e-loop-nothing-found-message\">\n\t\t<\/div>\n\t\t\t\t\t\t<\/div>\n\t\t\t\t<\/div>\n\t\t\t\t<\/div>\n\t\t","protected":false},"excerpt":{"rendered":"<p>Nos animations artistiques pour adultes L\u2019exp\u00e9rience arrive bient\u00f4t\u2026 Les animations pour adultes sont actuellement en cours de pr\u00e9paration.Nous travaillons \u00e0 vous proposer des formats puissants, \u00e9l\u00e9gants et marquants. Ouverture prochaine, excusez-nous pour la g\u00eane occasionn\u00e9<\/p>","protected":false},"author":1,"featured_media":0,"parent":25,"menu_order":0,"comment_status":"closed","ping_status":"closed","template":"","meta":{"_acf_changed":false,"footnotes":""},"class_list":["post-42","page","type-page","status-publish","hentry"],"acf":[],"yoast_head":"<!-- This site is optimized with the Yoast SEO plugin v27.3 - https:\/\/yoast.com\/product\/yoast-seo-wordpress\/ -->\n<title>Animations artistiques pour adultes - CDLS Compagnie<\/title>\n<meta name=\"description\" content=\"D\u00e9couvrez les animations artistiques pour adultes propos\u00e9s par CDLS : th\u00e9\u00e2tre, expression et exp\u00e9riences pour \u00e9v\u00e9nements et publics adultes.\" \/>\n<meta name=\"robots\" content=\"index, follow, max-snippet:-1, max-image-preview:large, max-video-preview:-1\" \/>\n<link rel=\"canonical\" href=\"https:\/\/clownsdanslasciure.com\/en\/nos-animations\/adulte\/\" \/>\n<meta property=\"og:locale\" content=\"en_GB\" \/>\n<meta property=\"og:type\" content=\"article\" \/>\n<meta property=\"og:title\" content=\"Animations artistiques pour adultes - CDLS Compagnie\" \/>\n<meta property=\"og:description\" content=\"D\u00e9couvrez les animations artistiques pour adultes propos\u00e9s par CDLS : th\u00e9\u00e2tre, expression et exp\u00e9riences pour \u00e9v\u00e9nements et publics adultes.\" \/>\n<meta property=\"og:url\" content=\"https:\/\/clownsdanslasciure.com\/en\/nos-animations\/adulte\/\" \/>\n<meta property=\"og:site_name\" content=\"CDLS Compagnie\" \/>\n<meta property=\"article:modified_time\" content=\"2026-01-21T08:47:57+00:00\" \/>\n<meta name=\"twitter:card\" content=\"summary_large_image\" \/>\n<meta name=\"twitter:label1\" content=\"Estimated reading time\" \/>\n\t<meta name=\"twitter:data1\" content=\"1 minute\" \/>\n<script type=\"application\/ld+json\" class=\"yoast-schema-graph\">{\"@context\":\"https:\\\/\\\/schema.org\",\"@graph\":[{\"@type\":\"WebPage\",\"@id\":\"https:\\\/\\\/clownsdanslasciure.com\\\/nos-animations\\\/adulte\\\/\",\"url\":\"https:\\\/\\\/clownsdanslasciure.com\\\/nos-animations\\\/adulte\\\/\",\"name\":\"Animations artistiques pour adultes - CDLS Compagnie\",\"isPartOf\":{\"@id\":\"https:\\\/\\\/springgreen-wolf-631723.hostingersite.com\\\/#website\"},\"datePublished\":\"2025-10-07T14:35:27+00:00\",\"dateModified\":\"2026-01-21T08:47:57+00:00\",\"description\":\"D\u00e9couvrez les animations artistiques pour adultes propos\u00e9s par CDLS : th\u00e9\u00e2tre, expression et exp\u00e9riences pour \u00e9v\u00e9nements et publics adultes.\",\"breadcrumb\":{\"@id\":\"https:\\\/\\\/clownsdanslasciure.com\\\/nos-animations\\\/adulte\\\/#breadcrumb\"},\"inLanguage\":\"en-GB\",\"potentialAction\":[{\"@type\":\"ReadAction\",\"target\":[\"https:\\\/\\\/clownsdanslasciure.com\\\/nos-animations\\\/adulte\\\/\"]}]},{\"@type\":\"BreadcrumbList\",\"@id\":\"https:\\\/\\\/clownsdanslasciure.com\\\/nos-animations\\\/adulte\\\/#breadcrumb\",\"itemListElement\":[{\"@type\":\"ListItem\",\"position\":1,\"name\":\"Accueil\",\"item\":\"https:\\\/\\\/springgreen-wolf-631723.hostingersite.com\\\/\"},{\"@type\":\"ListItem\",\"position\":2,\"name\":\"Nos Animations\",\"item\":\"https:\\\/\\\/clownsdanslasciure.com\\\/nos-animations\\\/\"},{\"@type\":\"ListItem\",\"position\":3,\"name\":\"Adulte\"}]},{\"@type\":\"WebSite\",\"@id\":\"https:\\\/\\\/springgreen-wolf-631723.hostingersite.com\\\/#website\",\"url\":\"https:\\\/\\\/springgreen-wolf-631723.hostingersite.com\\\/\",\"name\":\"CDLS Compagnie\",\"description\":\"CDLS Compagny cr\u00e9e des spectacles vivants m\u00ealant cirque, th\u00e9\u00e2tre et art du feu. Offrez une animation f\u00e9\u00e9rique et originale pour vos \u00e9v\u00e9nements\",\"publisher\":{\"@id\":\"https:\\\/\\\/springgreen-wolf-631723.hostingersite.com\\\/#organization\"},\"potentialAction\":[{\"@type\":\"SearchAction\",\"target\":{\"@type\":\"EntryPoint\",\"urlTemplate\":\"https:\\\/\\\/springgreen-wolf-631723.hostingersite.com\\\/?s={search_term_string}\"},\"query-input\":{\"@type\":\"PropertyValueSpecification\",\"valueRequired\":true,\"valueName\":\"search_term_string\"}}],\"inLanguage\":\"en-GB\"},{\"@type\":\"Organization\",\"@id\":\"https:\\\/\\\/springgreen-wolf-631723.hostingersite.com\\\/#organization\",\"name\":\"CDLS Compagnie\",\"url\":\"https:\\\/\\\/springgreen-wolf-631723.hostingersite.com\\\/\",\"logo\":{\"@type\":\"ImageObject\",\"inLanguage\":\"en-GB\",\"@id\":\"https:\\\/\\\/springgreen-wolf-631723.hostingersite.com\\\/#\\\/schema\\\/logo\\\/image\\\/\",\"url\":\"https:\\\/\\\/clownsdanslasciure.com\\\/wp-content\\\/uploads\\\/2025\\\/10\\\/logo_clowns_dans_la_sciure_responsive_seul_grand.png\",\"contentUrl\":\"https:\\\/\\\/clownsdanslasciure.com\\\/wp-content\\\/uploads\\\/2025\\\/10\\\/logo_clowns_dans_la_sciure_responsive_seul_grand.png\",\"width\":358,\"height\":359,\"caption\":\"CDLS Compagnie\"},\"image\":{\"@id\":\"https:\\\/\\\/springgreen-wolf-631723.hostingersite.com\\\/#\\\/schema\\\/logo\\\/image\\\/\"}}]}<\/script>\n<!-- \/ Yoast SEO plugin. -->","yoast_head_json":{"title":"Animations artistiques pour adultes - CDLS Compagnie","description":"D\u00e9couvrez les animations artistiques pour adultes propos\u00e9s par CDLS : th\u00e9\u00e2tre, expression et exp\u00e9riences pour \u00e9v\u00e9nements et publics adultes.","robots":{"index":"index","follow":"follow","max-snippet":"max-snippet:-1","max-image-preview":"max-image-preview:large","max-video-preview":"max-video-preview:-1"},"canonical":"https:\/\/clownsdanslasciure.com\/en\/nos-animations\/adulte\/","og_locale":"en_GB","og_type":"article","og_title":"Animations artistiques pour adultes - CDLS Compagnie","og_description":"D\u00e9couvrez les animations artistiques pour adultes propos\u00e9s par CDLS : th\u00e9\u00e2tre, expression et exp\u00e9riences pour \u00e9v\u00e9nements et publics adultes.","og_url":"https:\/\/clownsdanslasciure.com\/en\/nos-animations\/adulte\/","og_site_name":"CDLS Compagnie","article_modified_time":"2026-01-21T08:47:57+00:00","twitter_card":"summary_large_image","twitter_misc":{"Estimated reading time":"1 minute"},"schema":{"@context":"https:\/\/schema.org","@graph":[{"@type":"WebPage","@id":"https:\/\/clownsdanslasciure.com\/nos-animations\/adulte\/","url":"https:\/\/clownsdanslasciure.com\/nos-animations\/adulte\/","name":"Animations artistiques pour adultes - CDLS Compagnie","isPartOf":{"@id":"https:\/\/springgreen-wolf-631723.hostingersite.com\/#website"},"datePublished":"2025-10-07T14:35:27+00:00","dateModified":"2026-01-21T08:47:57+00:00","description":"D\u00e9couvrez les animations artistiques pour adultes propos\u00e9s par CDLS : th\u00e9\u00e2tre, expression et exp\u00e9riences pour \u00e9v\u00e9nements et publics adultes.","breadcrumb":{"@id":"https:\/\/clownsdanslasciure.com\/nos-animations\/adulte\/#breadcrumb"},"inLanguage":"en-GB","potentialAction":[{"@type":"ReadAction","target":["https:\/\/clownsdanslasciure.com\/nos-animations\/adulte\/"]}]},{"@type":"BreadcrumbList","@id":"https:\/\/clownsdanslasciure.com\/nos-animations\/adulte\/#breadcrumb","itemListElement":[{"@type":"ListItem","position":1,"name":"Accueil","item":"https:\/\/springgreen-wolf-631723.hostingersite.com\/"},{"@type":"ListItem","position":2,"name":"Nos Animations","item":"https:\/\/clownsdanslasciure.com\/nos-animations\/"},{"@type":"ListItem","position":3,"name":"Adulte"}]},{"@type":"WebSite","@id":"https:\/\/springgreen-wolf-631723.hostingersite.com\/#website","url":"https:\/\/springgreen-wolf-631723.hostingersite.com\/","name":"CDLS Company","description":"CDLS Compagny cr\u00e9e des spectacles vivants m\u00ealant cirque, th\u00e9\u00e2tre et art du feu. Offrez une animation f\u00e9\u00e9rique et originale pour vos \u00e9v\u00e9nements","publisher":{"@id":"https:\/\/springgreen-wolf-631723.hostingersite.com\/#organization"},"potentialAction":[{"@type":"SearchAction","target":{"@type":"EntryPoint","urlTemplate":"https:\/\/springgreen-wolf-631723.hostingersite.com\/?s={search_term_string}"},"query-input":{"@type":"PropertyValueSpecification","valueRequired":true,"valueName":"search_term_string"}}],"inLanguage":"en-GB"},{"@type":"Organization","@id":"https:\/\/springgreen-wolf-631723.hostingersite.com\/#organization","name":"CDLS Company","url":"https:\/\/springgreen-wolf-631723.hostingersite.com\/","logo":{"@type":"ImageObject","inLanguage":"en-GB","@id":"https:\/\/springgreen-wolf-631723.hostingersite.com\/#\/schema\/logo\/image\/","url":"https:\/\/clownsdanslasciure.com\/wp-content\/uploads\/2025\/10\/logo_clowns_dans_la_sciure_responsive_seul_grand.png","contentUrl":"https:\/\/clownsdanslasciure.com\/wp-content\/uploads\/2025\/10\/logo_clowns_dans_la_sciure_responsive_seul_grand.png","width":358,"height":359,"caption":"CDLS Compagnie"},"image":{"@id":"https:\/\/springgreen-wolf-631723.hostingersite.com\/#\/schema\/logo\/image\/"}}]}},"_links":{"self":[{"href":"https:\/\/clownsdanslasciure.com\/en\/wp-json\/wp\/v2\/pages\/42","targetHints":{"allow":["GET"]}}],"collection":[{"href":"https:\/\/clownsdanslasciure.com\/en\/wp-json\/wp\/v2\/pages"}],"about":[{"href":"https:\/\/clownsdanslasciure.com\/en\/wp-json\/wp\/v2\/types\/page"}],"author":[{"embeddable":true,"href":"https:\/\/clownsdanslasciure.com\/en\/wp-json\/wp\/v2\/users\/1"}],"replies":[{"embeddable":true,"href":"https:\/\/clownsdanslasciure.com\/en\/wp-json\/wp\/v2\/comments?post=42"}],"version-history":[{"count":31,"href":"https:\/\/clownsdanslasciure.com\/en\/wp-json\/wp\/v2\/pages\/42\/revisions"}],"predecessor-version":[{"id":3942,"href":"https:\/\/clownsdanslasciure.com\/en\/wp-json\/wp\/v2\/pages\/42\/revisions\/3942"}],"up":[{"embeddable":true,"href":"https:\/\/clownsdanslasciure.com\/en\/wp-json\/wp\/v2\/pages\/25"}],"wp:attachment":[{"href":"https:\/\/clownsdanslasciure.com\/en\/wp-json\/wp\/v2\/media?parent=42"}],"curies":[{"name":"wp","href":"https:\/\/api.w.org\/{rel}","templated":true}]}}