{"id":3782,"date":"2026-01-14T01:21:11","date_gmt":"2026-01-14T01:21:11","guid":{"rendered":"https:\/\/red-eel-548115.hostingersite.com\/?page_id=3782"},"modified":"2026-01-14T01:26:15","modified_gmt":"2026-01-14T01:26:15","slug":"mentions-legales","status":"publish","type":"page","link":"https:\/\/clownsdanslasciure.com\/en\/mentions-legales\/","title":{"rendered":"Mentions L\u00e9gales"},"content":{"rendered":"<div data-elementor-type=\"wp-page\" data-elementor-id=\"3782\" class=\"elementor elementor-3782\" data-elementor-post-type=\"page\">\n\t\t\t\t<div class=\"elementor-element elementor-element-b836f06 e-flex e-con-boxed e-con e-parent\" data-id=\"b836f06\" data-element_type=\"container\" data-e-type=\"container\">\n\t\t\t\t\t<div class=\"e-con-inner\">\n\t\t<div class=\"elementor-element elementor-element-3994662 e-con-full e-flex e-con e-child\" data-id=\"3994662\" data-element_type=\"container\" data-e-type=\"container\" data-settings=\"{&quot;background_background&quot;:&quot;classic&quot;}\">\n\t\t\t\t<div class=\"elementor-element elementor-element-0565635 elementor-widget elementor-widget-heading\" data-id=\"0565635\" data-element_type=\"widget\" data-e-type=\"widget\" data-widget_type=\"heading.default\">\n\t\t\t\t\t<h1 class=\"elementor-heading-title elementor-size-default\">Mentions L\u00e9gales \u2013 CDLS Compagnie<\/h1>\t\t\t\t<\/div>\n\t\t\t\t<div class=\"elementor-element elementor-element-8df9e2f elementor-widget elementor-widget-heading\" data-id=\"8df9e2f\" data-element_type=\"widget\" data-e-type=\"widget\" data-widget_type=\"heading.default\">\n\t\t\t\t\t<h2 class=\"elementor-heading-title elementor-size-default\">\u00c9diteur du site<\/h2>\t\t\t\t<\/div>\n\t\t\t\t<div class=\"elementor-element elementor-element-a41973b elementor-widget elementor-widget-text-editor\" data-id=\"a41973b\" data-element_type=\"widget\" data-e-type=\"widget\" data-widget_type=\"text-editor.default\">\n\t\t\t\t\t\t\t\t\t<p data-start=\"342\" data-end=\"373\">Le pr\u00e9sent site est \u00e9dit\u00e9 par :<\/p><p data-start=\"375\" data-end=\"565\"><strong data-start=\"375\" data-end=\"416\">CDLS Compagnie \u2013 Clown Dans La Sciure<\/strong><br data-start=\"416\" data-end=\"419\" \/>Compagnie de spectacle vivant<br data-start=\"448\" data-end=\"451\" \/>Email : <a class=\"decorated-link cursor-pointer\" rel=\"noopener\" data-start=\"459\" data-end=\"487\">clownsanslascisure@gmail.com<\/a><br data-start=\"487\" data-end=\"490\" \/>T\u00e9l\u00e9phone : +33 6 22 71 04 96<br data-start=\"519\" data-end=\"522\" \/>Zone d\u2019activit\u00e9 : France et international<\/p><p data-start=\"567\" data-end=\"690\"><em data-start=\"567\" data-end=\"690\">(Les coordonn\u00e9es compl\u00e8tes peuvent \u00eatre communiqu\u00e9es sur demande, conform\u00e9ment \u00e0 l\u2019article 6 III-2 de la loi n\u00b02004-575.)<\/em><\/p>\t\t\t\t\t\t\t\t<\/div>\n\t\t\t\t<div class=\"elementor-element elementor-element-f4b019b elementor-widget elementor-widget-heading\" data-id=\"f4b019b\" data-element_type=\"widget\" data-e-type=\"widget\" data-widget_type=\"heading.default\">\n\t\t\t\t\t<h2 class=\"elementor-heading-title elementor-size-default\">Cr\u00e9ation du site<\/h2>\t\t\t\t<\/div>\n\t\t\t\t<div class=\"elementor-element elementor-element-f414f74 elementor-widget elementor-widget-text-editor\" data-id=\"f414f74\" data-element_type=\"widget\" data-e-type=\"widget\" data-widget_type=\"text-editor.default\">\n\t\t\t\t\t\t\t\t\t<p data-start=\"719\" data-end=\"755\">Le site a \u00e9t\u00e9 con\u00e7u et r\u00e9alis\u00e9 par :<\/p><p data-start=\"757\" data-end=\"867\"><strong data-start=\"757\" data-end=\"799\">Grafix\u00e8s \u2013 Studio Cr\u00e9atif &amp; Artistique<\/strong><br data-start=\"799\" data-end=\"802\" \/>Graphisme, web design &amp; cr\u00e9ation digitale<br data-start=\"843\" data-end=\"846\" \/><strong><a class=\"decorated-link cursor-pointer\" href=\"https:\/\/grafixes.fr\/\" target=\"_blank\" rel=\"noopener\" data-start=\"846\" data-end=\"865\">www.grafixes.fr<\/a><\/strong><\/p><p data-start=\"869\" data-end=\"974\">Grafix\u00e8s est en charge de la conception graphique, de l\u2019ergonomie, du design et de l\u2019int\u00e9gration du site.<\/p>\t\t\t\t\t\t\t\t<\/div>\n\t\t\t\t<div class=\"elementor-element elementor-element-2d3bfe5 elementor-widget elementor-widget-heading\" data-id=\"2d3bfe5\" data-element_type=\"widget\" data-e-type=\"widget\" data-widget_type=\"heading.default\">\n\t\t\t\t\t<h2 class=\"elementor-heading-title elementor-size-default\">H\u00e9bergement<\/h2>\t\t\t\t<\/div>\n\t\t\t\t<div class=\"elementor-element elementor-element-ddf35c0 elementor-widget elementor-widget-text-editor\" data-id=\"ddf35c0\" data-element_type=\"widget\" data-e-type=\"widget\" data-widget_type=\"text-editor.default\">\n\t\t\t\t\t\t\t\t\t<p data-start=\"3041\" data-end=\"3070\">Le site est h\u00e9berg\u00e9 par :<br data-start=\"1023\" data-end=\"1026\" \/><strong data-start=\"1026\" data-end=\"1057\">Hostinger International Ltd<\/strong><br data-start=\"1057\" data-end=\"1060\" \/>61 Lordou Vironos Street<br data-start=\"1084\" data-end=\"1087\" \/>6023 Larnaca \u2013 Chypre<br data-start=\"1108\" data-end=\"1111\" \/>Site : <a class=\"decorated-link cursor-pointer\" href=\"https:\/\/www.hostinger.com\/fr\" target=\"_blank\" rel=\"noopener\" data-start=\"1118\" data-end=\"1135\">www.hostinger.com<\/a><\/p>\t\t\t\t\t\t\t\t<\/div>\n\t\t\t\t<div class=\"elementor-element elementor-element-a22398a elementor-widget elementor-widget-heading\" data-id=\"a22398a\" data-element_type=\"widget\" data-e-type=\"widget\" data-widget_type=\"heading.default\">\n\t\t\t\t\t<h2 class=\"elementor-heading-title elementor-size-default\">Propri\u00e9t\u00e9 intellectuelle<\/h2>\t\t\t\t<\/div>\n\t\t\t\t<div class=\"elementor-element elementor-element-4114a87 elementor-widget elementor-widget-text-editor\" data-id=\"4114a87\" data-element_type=\"widget\" data-e-type=\"widget\" data-widget_type=\"text-editor.default\">\n\t\t\t\t\t\t\t\t\t<p data-start=\"1172\" data-end=\"1399\">L\u2019ensemble du contenu pr\u00e9sent sur ce site (textes, images, vid\u00e9os, logos, cr\u00e9ations visuelles, costumes, personnages, d\u00e9cors, concepts artistiques, etc.) est la propri\u00e9t\u00e9 exclusive de <strong data-start=\"1356\" data-end=\"1374\">CDLS Company<\/strong>, sauf mention contraire.<\/p><p data-start=\"1401\" data-end=\"1554\">La structure du site, son design, ses interfaces et ses \u00e9l\u00e9ments graphiques sont la propri\u00e9t\u00e9 de <strong data-start=\"1498\" data-end=\"1510\">Grafix\u00e8s<\/strong>, sauf cession contraire pr\u00e9vue par contrat.<\/p><p data-start=\"1556\" data-end=\"1643\">Toute reproduction, modification ou utilisation sans autorisation \u00e9crite est interdite.<\/p>\t\t\t\t\t\t\t\t<\/div>\n\t\t\t\t<div class=\"elementor-element elementor-element-60ef110 elementor-widget elementor-widget-heading\" data-id=\"60ef110\" data-element_type=\"widget\" data-e-type=\"widget\" data-widget_type=\"heading.default\">\n\t\t\t\t\t<h2 class=\"elementor-heading-title elementor-size-default\">Responsabilit\u00e9<\/h2>\t\t\t\t<\/div>\n\t\t\t\t<div class=\"elementor-element elementor-element-a606af0 elementor-widget elementor-widget-text-editor\" data-id=\"a606af0\" data-element_type=\"widget\" data-e-type=\"widget\" data-widget_type=\"text-editor.default\">\n\t\t\t\t\t\t\t\t\t<p data-start=\"1670\" data-end=\"1808\">CDLS Compagnie s\u2019efforce de fournir des informations exactes et \u00e0 jour. Toutefois, aucune garantie n\u2019est donn\u00e9e quant \u00e0 leur exhaustivit\u00e9.<\/p><p data-start=\"1810\" data-end=\"1915\">Grafix\u00e8s ne peut \u00eatre tenue responsable de l\u2019utilisation faite du site ou de son contenu apr\u00e8s livraison.<\/p>\t\t\t\t\t\t\t\t<\/div>\n\t\t\t\t<div class=\"elementor-element elementor-element-5a220b3 elementor-widget elementor-widget-heading\" data-id=\"5a220b3\" data-element_type=\"widget\" data-e-type=\"widget\" data-widget_type=\"heading.default\">\n\t\t\t\t\t<h2 class=\"elementor-heading-title elementor-size-default\">Liens externes<\/h2>\t\t\t\t<\/div>\n\t\t\t\t<div class=\"elementor-element elementor-element-79b1470 elementor-widget elementor-widget-text-editor\" data-id=\"79b1470\" data-element_type=\"widget\" data-e-type=\"widget\" data-widget_type=\"text-editor.default\">\n\t\t\t\t\t\t\t\t\t<p data-start=\"1942\" data-end=\"2115\">Le site peut contenir des liens vers des sites tiers. CDLS Compagnie et Grafix\u00e8s ne peuvent \u00eatre tenues responsables de leur contenu ou de leur politique de confidentialit\u00e9.<\/p>\t\t\t\t\t\t\t\t<\/div>\n\t\t\t\t<\/div>\n\t\t\t\t\t<\/div>\n\t\t\t\t<\/div>\n\t\t\t\t<\/div>","protected":false},"excerpt":{"rendered":"<p>Mentions L\u00e9gales \u2013 CDLS Compagnie \u00c9diteur du site Le pr\u00e9sent site est \u00e9dit\u00e9 par : CDLS Compagnie \u2013 Clown Dans La SciureCompagnie de spectacle vivantEmail : clownsanslascisure@gmail.comT\u00e9l\u00e9phone : +33 6 22 71 04 96Zone d\u2019activit\u00e9 : France et international (Les coordonn\u00e9es compl\u00e8tes peuvent \u00eatre communiqu\u00e9es sur demande, conform\u00e9ment \u00e0 l\u2019article 6 III-2 de la loi [&hellip;]<\/p>\n","protected":false},"author":1,"featured_media":0,"parent":0,"menu_order":0,"comment_status":"closed","ping_status":"closed","template":"","meta":{"_acf_changed":false,"footnotes":""},"class_list":["post-3782","page","type-page","status-publish","hentry"],"acf":[],"yoast_head":"<!-- This site is optimized with the Yoast SEO plugin v27.3 - https:\/\/yoast.com\/product\/yoast-seo-wordpress\/ -->\n<title>Mentions L\u00e9gales - CDLS Compagnie<\/title>\n<meta name=\"robots\" content=\"index, follow, max-snippet:-1, max-image-preview:large, max-video-preview:-1\" \/>\n<link rel=\"canonical\" href=\"https:\/\/springgreen-wolf-631723.hostingersite.com\/mentions-legales\/\" \/>\n<meta property=\"og:locale\" content=\"en_GB\" \/>\n<meta property=\"og:type\" content=\"article\" \/>\n<meta property=\"og:title\" content=\"Mentions L\u00e9gales - CDLS Compagnie\" \/>\n<meta property=\"og:description\" content=\"Mentions L\u00e9gales \u2013 CDLS Compagnie \u00c9diteur du site Le pr\u00e9sent site est \u00e9dit\u00e9 par : CDLS Compagnie \u2013 Clown Dans La SciureCompagnie de spectacle vivantEmail : clownsanslascisure@gmail.comT\u00e9l\u00e9phone : +33 6 22 71 04 96Zone d\u2019activit\u00e9 : France et international (Les coordonn\u00e9es compl\u00e8tes peuvent \u00eatre communiqu\u00e9es sur demande, conform\u00e9ment \u00e0 l\u2019article 6 III-2 de la loi [&hellip;]\" \/>\n<meta property=\"og:url\" content=\"https:\/\/springgreen-wolf-631723.hostingersite.com\/mentions-legales\/\" \/>\n<meta property=\"og:site_name\" content=\"CDLS Compagnie\" \/>\n<meta property=\"article:modified_time\" content=\"2026-01-14T01:26:15+00:00\" \/>\n<meta name=\"twitter:card\" content=\"summary_large_image\" \/>\n<meta name=\"twitter:label1\" content=\"Estimated reading time\" \/>\n\t<meta name=\"twitter:data1\" content=\"2 minutes\" \/>\n<script type=\"application\/ld+json\" class=\"yoast-schema-graph\">{\"@context\":\"https:\\\/\\\/schema.org\",\"@graph\":[{\"@type\":\"WebPage\",\"@id\":\"https:\\\/\\\/springgreen-wolf-631723.hostingersite.com\\\/mentions-legales\\\/\",\"url\":\"https:\\\/\\\/springgreen-wolf-631723.hostingersite.com\\\/mentions-legales\\\/\",\"name\":\"Mentions L\u00e9gales - CDLS Compagnie\",\"isPartOf\":{\"@id\":\"https:\\\/\\\/springgreen-wolf-631723.hostingersite.com\\\/#website\"},\"datePublished\":\"2026-01-14T01:21:11+00:00\",\"dateModified\":\"2026-01-14T01:26:15+00:00\",\"breadcrumb\":{\"@id\":\"https:\\\/\\\/springgreen-wolf-631723.hostingersite.com\\\/mentions-legales\\\/#breadcrumb\"},\"inLanguage\":\"en-GB\",\"potentialAction\":[{\"@type\":\"ReadAction\",\"target\":[\"https:\\\/\\\/springgreen-wolf-631723.hostingersite.com\\\/mentions-legales\\\/\"]}]},{\"@type\":\"BreadcrumbList\",\"@id\":\"https:\\\/\\\/springgreen-wolf-631723.hostingersite.com\\\/mentions-legales\\\/#breadcrumb\",\"itemListElement\":[{\"@type\":\"ListItem\",\"position\":1,\"name\":\"Accueil\",\"item\":\"https:\\\/\\\/springgreen-wolf-631723.hostingersite.com\\\/\"},{\"@type\":\"ListItem\",\"position\":2,\"name\":\"Mentions L\u00e9gales\"}]},{\"@type\":\"WebSite\",\"@id\":\"https:\\\/\\\/springgreen-wolf-631723.hostingersite.com\\\/#website\",\"url\":\"https:\\\/\\\/springgreen-wolf-631723.hostingersite.com\\\/\",\"name\":\"CDLS Compagnie\",\"description\":\"CDLS Compagny cr\u00e9e des spectacles vivants m\u00ealant cirque, th\u00e9\u00e2tre et art du feu. Offrez une animation f\u00e9\u00e9rique et originale pour vos \u00e9v\u00e9nements\",\"publisher\":{\"@id\":\"https:\\\/\\\/springgreen-wolf-631723.hostingersite.com\\\/#organization\"},\"potentialAction\":[{\"@type\":\"SearchAction\",\"target\":{\"@type\":\"EntryPoint\",\"urlTemplate\":\"https:\\\/\\\/springgreen-wolf-631723.hostingersite.com\\\/?s={search_term_string}\"},\"query-input\":{\"@type\":\"PropertyValueSpecification\",\"valueRequired\":true,\"valueName\":\"search_term_string\"}}],\"inLanguage\":\"en-GB\"},{\"@type\":\"Organization\",\"@id\":\"https:\\\/\\\/springgreen-wolf-631723.hostingersite.com\\\/#organization\",\"name\":\"CDLS Compagnie\",\"url\":\"https:\\\/\\\/springgreen-wolf-631723.hostingersite.com\\\/\",\"logo\":{\"@type\":\"ImageObject\",\"inLanguage\":\"en-GB\",\"@id\":\"https:\\\/\\\/springgreen-wolf-631723.hostingersite.com\\\/#\\\/schema\\\/logo\\\/image\\\/\",\"url\":\"https:\\\/\\\/clownsdanslasciure.com\\\/wp-content\\\/uploads\\\/2025\\\/10\\\/logo_clowns_dans_la_sciure_responsive_seul_grand.png\",\"contentUrl\":\"https:\\\/\\\/clownsdanslasciure.com\\\/wp-content\\\/uploads\\\/2025\\\/10\\\/logo_clowns_dans_la_sciure_responsive_seul_grand.png\",\"width\":358,\"height\":359,\"caption\":\"CDLS Compagnie\"},\"image\":{\"@id\":\"https:\\\/\\\/springgreen-wolf-631723.hostingersite.com\\\/#\\\/schema\\\/logo\\\/image\\\/\"}}]}<\/script>\n<!-- \/ Yoast SEO plugin. -->","yoast_head_json":{"title":"Mentions L\u00e9gales - CDLS Compagnie","robots":{"index":"index","follow":"follow","max-snippet":"max-snippet:-1","max-image-preview":"max-image-preview:large","max-video-preview":"max-video-preview:-1"},"canonical":"https:\/\/springgreen-wolf-631723.hostingersite.com\/mentions-legales\/","og_locale":"en_GB","og_type":"article","og_title":"Mentions L\u00e9gales - CDLS Compagnie","og_description":"Mentions L\u00e9gales \u2013 CDLS Compagnie \u00c9diteur du site Le pr\u00e9sent site est \u00e9dit\u00e9 par : CDLS Compagnie \u2013 Clown Dans La SciureCompagnie de spectacle vivantEmail : clownsanslascisure@gmail.comT\u00e9l\u00e9phone : +33 6 22 71 04 96Zone d\u2019activit\u00e9 : France et international (Les coordonn\u00e9es compl\u00e8tes peuvent \u00eatre communiqu\u00e9es sur demande, conform\u00e9ment \u00e0 l\u2019article 6 III-2 de la loi [&hellip;]","og_url":"https:\/\/springgreen-wolf-631723.hostingersite.com\/mentions-legales\/","og_site_name":"CDLS Compagnie","article_modified_time":"2026-01-14T01:26:15+00:00","twitter_card":"summary_large_image","twitter_misc":{"Estimated reading time":"2 minutes"},"schema":{"@context":"https:\/\/schema.org","@graph":[{"@type":"WebPage","@id":"https:\/\/springgreen-wolf-631723.hostingersite.com\/mentions-legales\/","url":"https:\/\/springgreen-wolf-631723.hostingersite.com\/mentions-legales\/","name":"Mentions L\u00e9gales - CDLS Compagnie","isPartOf":{"@id":"https:\/\/springgreen-wolf-631723.hostingersite.com\/#website"},"datePublished":"2026-01-14T01:21:11+00:00","dateModified":"2026-01-14T01:26:15+00:00","breadcrumb":{"@id":"https:\/\/springgreen-wolf-631723.hostingersite.com\/mentions-legales\/#breadcrumb"},"inLanguage":"en-GB","potentialAction":[{"@type":"ReadAction","target":["https:\/\/springgreen-wolf-631723.hostingersite.com\/mentions-legales\/"]}]},{"@type":"BreadcrumbList","@id":"https:\/\/springgreen-wolf-631723.hostingersite.com\/mentions-legales\/#breadcrumb","itemListElement":[{"@type":"ListItem","position":1,"name":"Accueil","item":"https:\/\/springgreen-wolf-631723.hostingersite.com\/"},{"@type":"ListItem","position":2,"name":"Mentions L\u00e9gales"}]},{"@type":"WebSite","@id":"https:\/\/springgreen-wolf-631723.hostingersite.com\/#website","url":"https:\/\/springgreen-wolf-631723.hostingersite.com\/","name":"CDLS Company","description":"CDLS Compagny cr\u00e9e des spectacles vivants m\u00ealant cirque, th\u00e9\u00e2tre et art du feu. Offrez une animation f\u00e9\u00e9rique et originale pour vos \u00e9v\u00e9nements","publisher":{"@id":"https:\/\/springgreen-wolf-631723.hostingersite.com\/#organization"},"potentialAction":[{"@type":"SearchAction","target":{"@type":"EntryPoint","urlTemplate":"https:\/\/springgreen-wolf-631723.hostingersite.com\/?s={search_term_string}"},"query-input":{"@type":"PropertyValueSpecification","valueRequired":true,"valueName":"search_term_string"}}],"inLanguage":"en-GB"},{"@type":"Organization","@id":"https:\/\/springgreen-wolf-631723.hostingersite.com\/#organization","name":"CDLS Company","url":"https:\/\/springgreen-wolf-631723.hostingersite.com\/","logo":{"@type":"ImageObject","inLanguage":"en-GB","@id":"https:\/\/springgreen-wolf-631723.hostingersite.com\/#\/schema\/logo\/image\/","url":"https:\/\/clownsdanslasciure.com\/wp-content\/uploads\/2025\/10\/logo_clowns_dans_la_sciure_responsive_seul_grand.png","contentUrl":"https:\/\/clownsdanslasciure.com\/wp-content\/uploads\/2025\/10\/logo_clowns_dans_la_sciure_responsive_seul_grand.png","width":358,"height":359,"caption":"CDLS Compagnie"},"image":{"@id":"https:\/\/springgreen-wolf-631723.hostingersite.com\/#\/schema\/logo\/image\/"}}]}},"_links":{"self":[{"href":"https:\/\/clownsdanslasciure.com\/en\/wp-json\/wp\/v2\/pages\/3782","targetHints":{"allow":["GET"]}}],"collection":[{"href":"https:\/\/clownsdanslasciure.com\/en\/wp-json\/wp\/v2\/pages"}],"about":[{"href":"https:\/\/clownsdanslasciure.com\/en\/wp-json\/wp\/v2\/types\/page"}],"author":[{"embeddable":true,"href":"https:\/\/clownsdanslasciure.com\/en\/wp-json\/wp\/v2\/users\/1"}],"replies":[{"embeddable":true,"href":"https:\/\/clownsdanslasciure.com\/en\/wp-json\/wp\/v2\/comments?post=3782"}],"version-history":[{"count":7,"href":"https:\/\/clownsdanslasciure.com\/en\/wp-json\/wp\/v2\/pages\/3782\/revisions"}],"predecessor-version":[{"id":3789,"href":"https:\/\/clownsdanslasciure.com\/en\/wp-json\/wp\/v2\/pages\/3782\/revisions\/3789"}],"wp:attachment":[{"href":"https:\/\/clownsdanslasciure.com\/en\/wp-json\/wp\/v2\/media?parent=3782"}],"curies":[{"name":"wp","href":"https:\/\/api.w.org\/{rel}","templated":true}]}}