{"id":3,"date":"2025-09-30T08:24:43","date_gmt":"2025-09-30T08:24:43","guid":{"rendered":"https:\/\/red-eel-548115.hostingersite.com\/?page_id=3"},"modified":"2026-01-14T01:17:45","modified_gmt":"2026-01-14T01:17:45","slug":"politique-de-confidentialite","status":"publish","type":"page","link":"https:\/\/clownsdanslasciure.com\/en\/politique-de-confidentialite\/","title":{"rendered":"Politique de Confidentialit\u00e9"},"content":{"rendered":"<div data-elementor-type=\"wp-page\" data-elementor-id=\"3\" class=\"elementor elementor-3\" data-elementor-post-type=\"page\">\n\t\t\t\t<div class=\"elementor-element elementor-element-1329b7d e-flex e-con-boxed e-con e-parent\" data-id=\"1329b7d\" data-element_type=\"container\" data-e-type=\"container\">\n\t\t\t\t\t<div class=\"e-con-inner\">\n\t\t<div class=\"elementor-element elementor-element-7dba9ea e-con-full e-flex e-con e-child\" data-id=\"7dba9ea\" data-element_type=\"container\" data-e-type=\"container\" data-settings=\"{&quot;background_background&quot;:&quot;classic&quot;}\">\n\t\t\t\t<div class=\"elementor-element elementor-element-5481f05 elementor-widget elementor-widget-heading\" data-id=\"5481f05\" data-element_type=\"widget\" data-e-type=\"widget\" data-widget_type=\"heading.default\">\n\t\t\t\t\t<h1 class=\"elementor-heading-title elementor-size-default\">POLITIQUE DE CONFIDENTIALIT\u00c9 \u2013 CDLS Compagnie<\/h1>\t\t\t\t<\/div>\n\t\t\t\t<div class=\"elementor-element elementor-element-1d4c49a elementor-widget elementor-widget-text-editor\" data-id=\"1d4c49a\" data-element_type=\"widget\" data-e-type=\"widget\" data-widget_type=\"text-editor.default\">\n\t\t\t\t\t\t\t\t\t<p data-start=\"2084\" data-end=\"2207\">CDLS Compagnie attache une grande importance \u00e0 la protection de vos donn\u00e9es personnelles et au respect de votre vie priv\u00e9e. Cette politique explique quelles donn\u00e9es sont collect\u00e9es, comment elles sont utilis\u00e9es et vos droits.<\/p>\t\t\t\t\t\t\t\t<\/div>\n\t\t\t\t<div class=\"elementor-element elementor-element-752a43c elementor-widget elementor-widget-heading\" data-id=\"752a43c\" data-element_type=\"widget\" data-e-type=\"widget\" data-widget_type=\"heading.default\">\n\t\t\t\t\t<h2 class=\"elementor-heading-title elementor-size-default\">1 - Donn\u00e9es collect\u00e9es<\/h2>\t\t\t\t<\/div>\n\t\t\t\t<div class=\"elementor-element elementor-element-e7c1a6e elementor-widget elementor-widget-text-editor\" data-id=\"e7c1a6e\" data-element_type=\"widget\" data-e-type=\"widget\" data-widget_type=\"text-editor.default\">\n\t\t\t\t\t\t\t\t\t<p data-start=\"2344\" data-end=\"2402\">Lorsque vous utilisez notre site, nous pouvons collecter :<\/p>\n<ul data-start=\"2404\" data-end=\"2562\">\n<li data-start=\"2404\" data-end=\"2421\">\n<p data-start=\"2406\" data-end=\"2421\">Nom et pr\u00e9nom<\/p>\n<\/li>\n<li data-start=\"2422\" data-end=\"2439\">\n<p data-start=\"2424\" data-end=\"2439\">Adresse email<\/p>\n<\/li>\n<li data-start=\"2440\" data-end=\"2463\">\n<p data-start=\"2442\" data-end=\"2463\">Num\u00e9ro de t\u00e9l\u00e9phone<\/p>\n<\/li>\n<li data-start=\"2464\" data-end=\"2511\">\n<p data-start=\"2466\" data-end=\"2511\">Message envoy\u00e9 via le formulaire de contact<\/p>\n<\/li>\n<li data-start=\"2512\" data-end=\"2562\">\n<p data-start=\"2514\" data-end=\"2562\">Adresse IP et donn\u00e9es techniques de navigation<\/p>\n<\/li>\n<\/ul>\n<p data-start=\"2564\" data-end=\"2665\">Ces donn\u00e9es sont collect\u00e9es uniquement lorsque vous remplissez un formulaire ou naviguez sur le site.<\/p>\t\t\t\t\t\t\t\t<\/div>\n\t\t\t\t<div class=\"elementor-element elementor-element-781412a elementor-widget elementor-widget-heading\" data-id=\"781412a\" data-element_type=\"widget\" data-e-type=\"widget\" data-widget_type=\"heading.default\">\n\t\t\t\t\t<h2 class=\"elementor-heading-title elementor-size-default\">2 - Utilisation des donn\u00e9es<\/h2>\t\t\t\t<\/div>\n\t\t\t\t<div class=\"elementor-element elementor-element-283a821 elementor-widget elementor-widget-text-editor\" data-id=\"283a821\" data-element_type=\"widget\" data-e-type=\"widget\" data-widget_type=\"text-editor.default\">\n\t\t\t\t\t\t\t\t\t<p data-start=\"2704\" data-end=\"2748\">Les donn\u00e9es sont utilis\u00e9es uniquement pour :<\/p>\n<ul data-start=\"2750\" data-end=\"2940\">\n<li data-start=\"2750\" data-end=\"2788\">\n<p data-start=\"2752\" data-end=\"2788\">R\u00e9pondre \u00e0 vos demandes de contact<\/p>\n<\/li>\n<li data-start=\"2789\" data-end=\"2850\">\n<p data-start=\"2791\" data-end=\"2850\">Fournir des informations sur nos spectacles et animations<\/p>\n<\/li>\n<li data-start=\"2851\" data-end=\"2900\">\n<p data-start=\"2853\" data-end=\"2900\">G\u00e9rer les \u00e9changes commerciaux ou artistiques<\/p>\n<\/li>\n<li data-start=\"2901\" data-end=\"2940\">\n<p data-start=\"2903\" data-end=\"2940\">Am\u00e9liorer le fonctionnement du site<\/p>\n<\/li>\n<\/ul>\n<p data-start=\"2942\" data-end=\"3004\">CDLS Company <strong data-start=\"2957\" data-end=\"2979\">ne vend ni ne loue<\/strong> vos donn\u00e9es \u00e0 des tiers.<\/p>\t\t\t\t\t\t\t\t<\/div>\n\t\t\t\t<div class=\"elementor-element elementor-element-cc92ec0 elementor-widget elementor-widget-heading\" data-id=\"cc92ec0\" data-element_type=\"widget\" data-e-type=\"widget\" data-widget_type=\"heading.default\">\n\t\t\t\t\t<h2 class=\"elementor-heading-title elementor-size-default\">3 - Dur\u00e9e de conservation<\/h2>\t\t\t\t<\/div>\n\t\t\t\t<div class=\"elementor-element elementor-element-3d05e60 elementor-widget elementor-widget-text-editor\" data-id=\"3d05e60\" data-element_type=\"widget\" data-e-type=\"widget\" data-widget_type=\"text-editor.default\">\n\t\t\t\t\t\t\t\t\t<p data-start=\"3041\" data-end=\"3070\">Les donn\u00e9es sont conserv\u00e9es :<\/p>\n<ul data-start=\"3071\" data-end=\"3171\">\n<li data-start=\"3071\" data-end=\"3122\">\n<p data-start=\"3073\" data-end=\"3122\">Le temps n\u00e9cessaire au traitement de la demande<\/p>\n<\/li>\n<li data-start=\"3123\" data-end=\"3171\">\n<p data-start=\"3125\" data-end=\"3171\">Puis au maximum 3 ans apr\u00e8s le dernier contact<\/p>\n<\/li>\n<\/ul>\t\t\t\t\t\t\t\t<\/div>\n\t\t\t\t<div class=\"elementor-element elementor-element-3ac1648 elementor-widget elementor-widget-heading\" data-id=\"3ac1648\" data-element_type=\"widget\" data-e-type=\"widget\" data-widget_type=\"heading.default\">\n\t\t\t\t\t<h2 class=\"elementor-heading-title elementor-size-default\">4 - Cookies<\/h2>\t\t\t\t<\/div>\n\t\t\t\t<div class=\"elementor-element elementor-element-a960850 elementor-widget elementor-widget-text-editor\" data-id=\"a960850\" data-element_type=\"widget\" data-e-type=\"widget\" data-widget_type=\"text-editor.default\">\n\t\t\t\t\t\t\t\t\t<p data-start=\"3194\" data-end=\"3228\">Le site utilise des cookies pour :<\/p>\n<ul data-start=\"3229\" data-end=\"3378\">\n<li data-start=\"3229\" data-end=\"3262\">\n<p data-start=\"3231\" data-end=\"3262\">Le bon fonctionnement du site<\/p>\n<\/li>\n<li data-start=\"3263\" data-end=\"3331\">\n<p data-start=\"3265\" data-end=\"3331\">Les statistiques de visite (ex : Google Analytics ou \u00e9quivalent)<\/p>\n<\/li>\n<li data-start=\"3332\" data-end=\"3378\">\n<p data-start=\"3334\" data-end=\"3378\">L\u2019am\u00e9lioration de l\u2019exp\u00e9rience utilisateur<\/p>\n<\/li>\n<\/ul>\n<p data-start=\"3380\" data-end=\"3490\">Vous pouvez refuser ou g\u00e9rer les cookies via le bandeau de consentement affich\u00e9 lors de votre premi\u00e8re visite.<\/p>\t\t\t\t\t\t\t\t<\/div>\n\t\t\t\t<div class=\"elementor-element elementor-element-ff3bcd5 elementor-widget elementor-widget-heading\" data-id=\"ff3bcd5\" data-element_type=\"widget\" data-e-type=\"widget\" data-widget_type=\"heading.default\">\n\t\t\t\t\t<h2 class=\"elementor-heading-title elementor-size-default\">5 - S\u00e9curit\u00e9<\/h2>\t\t\t\t<\/div>\n\t\t\t\t<div class=\"elementor-element elementor-element-40e1fe8 elementor-widget elementor-widget-text-editor\" data-id=\"40e1fe8\" data-element_type=\"widget\" data-e-type=\"widget\" data-widget_type=\"text-editor.default\">\n\t\t\t\t\t\t\t\t\t<p data-start=\"3194\" data-end=\"3228\">Les donn\u00e9es sont stock\u00e9es sur des serveurs s\u00e9curis\u00e9s et prot\u00e9g\u00e9es contre l\u2019acc\u00e8s non autoris\u00e9, la perte ou la modification.<\/p>\t\t\t\t\t\t\t\t<\/div>\n\t\t\t\t<div class=\"elementor-element elementor-element-0e5a87e elementor-widget elementor-widget-heading\" data-id=\"0e5a87e\" data-element_type=\"widget\" data-e-type=\"widget\" data-widget_type=\"heading.default\">\n\t\t\t\t\t<h2 class=\"elementor-heading-title elementor-size-default\">6 - Vos droits<\/h2>\t\t\t\t<\/div>\n\t\t\t\t<div class=\"elementor-element elementor-element-66b6710 elementor-widget elementor-widget-text-editor\" data-id=\"66b6710\" data-element_type=\"widget\" data-e-type=\"widget\" data-widget_type=\"text-editor.default\">\n\t\t\t\t\t\t\t\t\t<p data-start=\"3663\" data-end=\"3720\">Conform\u00e9ment au RGPD, vous disposez des droits suivants :<\/p>\n<ul data-start=\"3722\" data-end=\"3841\">\n<li data-start=\"3722\" data-end=\"3739\">\n<p data-start=\"3724\" data-end=\"3739\">Droit d\u2019acc\u00e8s<\/p>\n<\/li>\n<li data-start=\"3740\" data-end=\"3766\">\n<p data-start=\"3742\" data-end=\"3766\">Droit de rectification<\/p>\n<\/li>\n<li data-start=\"3767\" data-end=\"3791\">\n<p data-start=\"3769\" data-end=\"3791\">Droit de suppression<\/p>\n<\/li>\n<li data-start=\"3792\" data-end=\"3814\">\n<p data-start=\"3794\" data-end=\"3814\">Droit d\u2019opposition<\/p>\n<\/li>\n<li data-start=\"3815\" data-end=\"3841\">\n<p data-start=\"3817\" data-end=\"3841\">Droit \u00e0 la portabilit\u00e9<\/p>\n<\/li>\n<\/ul>\n<p data-start=\"3843\" data-end=\"3934\">Vous pouvez exercer vos droits en nous contactant \u00e0 :<br data-start=\"3896\" data-end=\"3899\" \/>\ud83d\udce7 <strong data-start=\"3902\" data-end=\"3934\"><a class=\"decorated-link cursor-pointer\" href=\"mailto:clownsdanslascisure@gmail.com\" target=\"_blank\" rel=\"noopener\" data-start=\"3904\" data-end=\"3932\">clownsdanslascisure@gmail.com<\/a><\/strong><\/p>\t\t\t\t\t\t\t\t<\/div>\n\t\t\t\t<div class=\"elementor-element elementor-element-a30f91e elementor-widget elementor-widget-heading\" data-id=\"a30f91e\" data-element_type=\"widget\" data-e-type=\"widget\" data-widget_type=\"heading.default\">\n\t\t\t\t\t<h2 class=\"elementor-heading-title elementor-size-default\">7 - Contact<\/h2>\t\t\t\t<\/div>\n\t\t\t\t<div class=\"elementor-element elementor-element-78a33d1 elementor-widget elementor-widget-text-editor\" data-id=\"78a33d1\" data-element_type=\"widget\" data-e-type=\"widget\" data-widget_type=\"text-editor.default\">\n\t\t\t\t\t\t\t\t\t<p data-start=\"3663\" data-end=\"3720\">Pour toute question relative \u00e0 vos donn\u00e9es personnelles :<br data-start=\"4014\" data-end=\"4017\" \/><strong data-start=\"4017\" data-end=\"4035\">CDLS Company<\/strong><br data-start=\"4035\" data-end=\"4038\" \/>Email : <a class=\"decorated-link cursor-pointer\" rel=\"noopener\" data-start=\"4046\" data-end=\"4074\">clownsanslascisure@gmail.com<\/a><\/p>\t\t\t\t\t\t\t\t<\/div>\n\t\t\t\t<\/div>\n\t\t\t\t\t<\/div>\n\t\t\t\t<\/div>\n\t\t\t\t<\/div>","protected":false},"excerpt":{"rendered":"<p>POLITIQUE DE CONFIDENTIALIT\u00c9 \u2013 CDLS Compagnie CDLS Compagnie attache une grande importance \u00e0 la protection de vos donn\u00e9es personnelles et au respect de votre vie priv\u00e9e. Cette politique explique quelles donn\u00e9es sont collect\u00e9es, comment elles sont utilis\u00e9es et vos droits. 1 &#8211; Donn\u00e9es collect\u00e9es Lorsque vous utilisez notre site, nous pouvons collecter : Nom et [&hellip;]<\/p>\n","protected":false},"author":1,"featured_media":0,"parent":0,"menu_order":0,"comment_status":"closed","ping_status":"open","template":"","meta":{"_acf_changed":false,"footnotes":""},"class_list":["post-3","page","type-page","status-publish","hentry"],"acf":[],"yoast_head":"<!-- This site is optimized with the Yoast SEO plugin v27.3 - https:\/\/yoast.com\/product\/yoast-seo-wordpress\/ -->\n<title>Politique de Confidentialit\u00e9 - CDLS Compagnie<\/title>\n<meta name=\"robots\" content=\"index, follow, max-snippet:-1, max-image-preview:large, max-video-preview:-1\" \/>\n<link rel=\"canonical\" href=\"https:\/\/clownsdanslasciure.com\/en\/politique-de-confidentialite\/\" \/>\n<meta property=\"og:locale\" content=\"en_GB\" \/>\n<meta property=\"og:type\" content=\"article\" \/>\n<meta property=\"og:title\" content=\"Politique de Confidentialit\u00e9 - CDLS Compagnie\" \/>\n<meta property=\"og:description\" content=\"POLITIQUE DE CONFIDENTIALIT\u00c9 \u2013 CDLS Compagnie CDLS Compagnie attache une grande importance \u00e0 la protection de vos donn\u00e9es personnelles et au respect de votre vie priv\u00e9e. Cette politique explique quelles donn\u00e9es sont collect\u00e9es, comment elles sont utilis\u00e9es et vos droits. 1 &#8211; Donn\u00e9es collect\u00e9es Lorsque vous utilisez notre site, nous pouvons collecter : Nom et [&hellip;]\" \/>\n<meta property=\"og:url\" content=\"https:\/\/clownsdanslasciure.com\/en\/politique-de-confidentialite\/\" \/>\n<meta property=\"og:site_name\" content=\"CDLS Compagnie\" \/>\n<meta property=\"article:modified_time\" content=\"2026-01-14T01:17:45+00:00\" \/>\n<meta name=\"twitter:card\" content=\"summary_large_image\" \/>\n<meta name=\"twitter:label1\" content=\"Estimated reading time\" \/>\n\t<meta name=\"twitter:data1\" content=\"2 minutes\" \/>\n<script type=\"application\/ld+json\" class=\"yoast-schema-graph\">{\"@context\":\"https:\\\/\\\/schema.org\",\"@graph\":[{\"@type\":\"WebPage\",\"@id\":\"https:\\\/\\\/clownsdanslasciure.com\\\/politique-de-confidentialite\\\/\",\"url\":\"https:\\\/\\\/clownsdanslasciure.com\\\/politique-de-confidentialite\\\/\",\"name\":\"Politique de Confidentialit\u00e9 - CDLS Compagnie\",\"isPartOf\":{\"@id\":\"https:\\\/\\\/springgreen-wolf-631723.hostingersite.com\\\/#website\"},\"datePublished\":\"2025-09-30T08:24:43+00:00\",\"dateModified\":\"2026-01-14T01:17:45+00:00\",\"breadcrumb\":{\"@id\":\"https:\\\/\\\/clownsdanslasciure.com\\\/politique-de-confidentialite\\\/#breadcrumb\"},\"inLanguage\":\"en-GB\",\"potentialAction\":[{\"@type\":\"ReadAction\",\"target\":[\"https:\\\/\\\/clownsdanslasciure.com\\\/politique-de-confidentialite\\\/\"]}]},{\"@type\":\"BreadcrumbList\",\"@id\":\"https:\\\/\\\/clownsdanslasciure.com\\\/politique-de-confidentialite\\\/#breadcrumb\",\"itemListElement\":[{\"@type\":\"ListItem\",\"position\":1,\"name\":\"Accueil\",\"item\":\"https:\\\/\\\/springgreen-wolf-631723.hostingersite.com\\\/\"},{\"@type\":\"ListItem\",\"position\":2,\"name\":\"Politique de Confidentialit\u00e9\"}]},{\"@type\":\"WebSite\",\"@id\":\"https:\\\/\\\/springgreen-wolf-631723.hostingersite.com\\\/#website\",\"url\":\"https:\\\/\\\/springgreen-wolf-631723.hostingersite.com\\\/\",\"name\":\"CDLS Compagnie\",\"description\":\"CDLS Compagny cr\u00e9e des spectacles vivants m\u00ealant cirque, th\u00e9\u00e2tre et art du feu. Offrez une animation f\u00e9\u00e9rique et originale pour vos \u00e9v\u00e9nements\",\"publisher\":{\"@id\":\"https:\\\/\\\/springgreen-wolf-631723.hostingersite.com\\\/#organization\"},\"potentialAction\":[{\"@type\":\"SearchAction\",\"target\":{\"@type\":\"EntryPoint\",\"urlTemplate\":\"https:\\\/\\\/springgreen-wolf-631723.hostingersite.com\\\/?s={search_term_string}\"},\"query-input\":{\"@type\":\"PropertyValueSpecification\",\"valueRequired\":true,\"valueName\":\"search_term_string\"}}],\"inLanguage\":\"en-GB\"},{\"@type\":\"Organization\",\"@id\":\"https:\\\/\\\/springgreen-wolf-631723.hostingersite.com\\\/#organization\",\"name\":\"CDLS Compagnie\",\"url\":\"https:\\\/\\\/springgreen-wolf-631723.hostingersite.com\\\/\",\"logo\":{\"@type\":\"ImageObject\",\"inLanguage\":\"en-GB\",\"@id\":\"https:\\\/\\\/springgreen-wolf-631723.hostingersite.com\\\/#\\\/schema\\\/logo\\\/image\\\/\",\"url\":\"https:\\\/\\\/clownsdanslasciure.com\\\/wp-content\\\/uploads\\\/2025\\\/10\\\/logo_clowns_dans_la_sciure_responsive_seul_grand.png\",\"contentUrl\":\"https:\\\/\\\/clownsdanslasciure.com\\\/wp-content\\\/uploads\\\/2025\\\/10\\\/logo_clowns_dans_la_sciure_responsive_seul_grand.png\",\"width\":358,\"height\":359,\"caption\":\"CDLS Compagnie\"},\"image\":{\"@id\":\"https:\\\/\\\/springgreen-wolf-631723.hostingersite.com\\\/#\\\/schema\\\/logo\\\/image\\\/\"}}]}<\/script>\n<!-- \/ Yoast SEO plugin. -->","yoast_head_json":{"title":"Politique de Confidentialit\u00e9 - CDLS Compagnie","robots":{"index":"index","follow":"follow","max-snippet":"max-snippet:-1","max-image-preview":"max-image-preview:large","max-video-preview":"max-video-preview:-1"},"canonical":"https:\/\/clownsdanslasciure.com\/en\/politique-de-confidentialite\/","og_locale":"en_GB","og_type":"article","og_title":"Politique de Confidentialit\u00e9 - CDLS Compagnie","og_description":"POLITIQUE DE CONFIDENTIALIT\u00c9 \u2013 CDLS Compagnie CDLS Compagnie attache une grande importance \u00e0 la protection de vos donn\u00e9es personnelles et au respect de votre vie priv\u00e9e. Cette politique explique quelles donn\u00e9es sont collect\u00e9es, comment elles sont utilis\u00e9es et vos droits. 1 &#8211; Donn\u00e9es collect\u00e9es Lorsque vous utilisez notre site, nous pouvons collecter : Nom et [&hellip;]","og_url":"https:\/\/clownsdanslasciure.com\/en\/politique-de-confidentialite\/","og_site_name":"CDLS Compagnie","article_modified_time":"2026-01-14T01:17:45+00:00","twitter_card":"summary_large_image","twitter_misc":{"Estimated reading time":"2 minutes"},"schema":{"@context":"https:\/\/schema.org","@graph":[{"@type":"WebPage","@id":"https:\/\/clownsdanslasciure.com\/politique-de-confidentialite\/","url":"https:\/\/clownsdanslasciure.com\/politique-de-confidentialite\/","name":"Politique de Confidentialit\u00e9 - CDLS Compagnie","isPartOf":{"@id":"https:\/\/springgreen-wolf-631723.hostingersite.com\/#website"},"datePublished":"2025-09-30T08:24:43+00:00","dateModified":"2026-01-14T01:17:45+00:00","breadcrumb":{"@id":"https:\/\/clownsdanslasciure.com\/politique-de-confidentialite\/#breadcrumb"},"inLanguage":"en-GB","potentialAction":[{"@type":"ReadAction","target":["https:\/\/clownsdanslasciure.com\/politique-de-confidentialite\/"]}]},{"@type":"BreadcrumbList","@id":"https:\/\/clownsdanslasciure.com\/politique-de-confidentialite\/#breadcrumb","itemListElement":[{"@type":"ListItem","position":1,"name":"Accueil","item":"https:\/\/springgreen-wolf-631723.hostingersite.com\/"},{"@type":"ListItem","position":2,"name":"Politique de Confidentialit\u00e9"}]},{"@type":"WebSite","@id":"https:\/\/springgreen-wolf-631723.hostingersite.com\/#website","url":"https:\/\/springgreen-wolf-631723.hostingersite.com\/","name":"CDLS Company","description":"CDLS Compagny cr\u00e9e des spectacles vivants m\u00ealant cirque, th\u00e9\u00e2tre et art du feu. Offrez une animation f\u00e9\u00e9rique et originale pour vos \u00e9v\u00e9nements","publisher":{"@id":"https:\/\/springgreen-wolf-631723.hostingersite.com\/#organization"},"potentialAction":[{"@type":"SearchAction","target":{"@type":"EntryPoint","urlTemplate":"https:\/\/springgreen-wolf-631723.hostingersite.com\/?s={search_term_string}"},"query-input":{"@type":"PropertyValueSpecification","valueRequired":true,"valueName":"search_term_string"}}],"inLanguage":"en-GB"},{"@type":"Organization","@id":"https:\/\/springgreen-wolf-631723.hostingersite.com\/#organization","name":"CDLS Company","url":"https:\/\/springgreen-wolf-631723.hostingersite.com\/","logo":{"@type":"ImageObject","inLanguage":"en-GB","@id":"https:\/\/springgreen-wolf-631723.hostingersite.com\/#\/schema\/logo\/image\/","url":"https:\/\/clownsdanslasciure.com\/wp-content\/uploads\/2025\/10\/logo_clowns_dans_la_sciure_responsive_seul_grand.png","contentUrl":"https:\/\/clownsdanslasciure.com\/wp-content\/uploads\/2025\/10\/logo_clowns_dans_la_sciure_responsive_seul_grand.png","width":358,"height":359,"caption":"CDLS Compagnie"},"image":{"@id":"https:\/\/springgreen-wolf-631723.hostingersite.com\/#\/schema\/logo\/image\/"}}]}},"_links":{"self":[{"href":"https:\/\/clownsdanslasciure.com\/en\/wp-json\/wp\/v2\/pages\/3","targetHints":{"allow":["GET"]}}],"collection":[{"href":"https:\/\/clownsdanslasciure.com\/en\/wp-json\/wp\/v2\/pages"}],"about":[{"href":"https:\/\/clownsdanslasciure.com\/en\/wp-json\/wp\/v2\/types\/page"}],"author":[{"embeddable":true,"href":"https:\/\/clownsdanslasciure.com\/en\/wp-json\/wp\/v2\/users\/1"}],"replies":[{"embeddable":true,"href":"https:\/\/clownsdanslasciure.com\/en\/wp-json\/wp\/v2\/comments?post=3"}],"version-history":[{"count":4,"href":"https:\/\/clownsdanslasciure.com\/en\/wp-json\/wp\/v2\/pages\/3\/revisions"}],"predecessor-version":[{"id":3781,"href":"https:\/\/clownsdanslasciure.com\/en\/wp-json\/wp\/v2\/pages\/3\/revisions\/3781"}],"wp:attachment":[{"href":"https:\/\/clownsdanslasciure.com\/en\/wp-json\/wp\/v2\/media?parent=3"}],"curies":[{"name":"wp","href":"https:\/\/api.w.org\/{rel}","templated":true}]}}